{"id":1084,"date":"2023-11-07T15:07:54","date_gmt":"2023-11-07T14:07:54","guid":{"rendered":"https:\/\/airtime-paragliding.com\/impressum\/"},"modified":"2024-02-22T18:06:54","modified_gmt":"2024-02-22T17:06:54","slug":"impressum","status":"publish","type":"page","link":"https:\/\/airtime-paragliding.com\/de\/impressum\/","title":{"rendered":"Impressum"},"content":{"rendered":"\t\t<div data-elementor-type=\"wp-page\" data-elementor-id=\"1084\" class=\"elementor elementor-1084 elementor-58\" data-elementor-post-type=\"page\">\n\t\t\t\t<div class=\"elementor-element elementor-element-452a456 e-flex e-con-boxed e-con e-parent\" data-id=\"452a456\" data-element_type=\"container\">\n\t\t\t\t\t<div class=\"e-con-inner\">\n\t\t\t\t<div class=\"elementor-element elementor-element-13b6a2d elementor-widget elementor-widget-text-editor\" data-id=\"13b6a2d\" data-element_type=\"widget\" data-widget_type=\"text-editor.default\">\n\t\t\t\t<div class=\"elementor-widget-container\">\n\t\t\t\t\t\t\t\t\t<h4>Adresse<\/h4>\n<p>Airtime Paragliding GmbH<br \/>Fuhren<br \/>3822 Lauterbrunnen<br \/>Schweiz<\/p>\n<h4>Telefon<\/h4>\n<p>+41 (0)79 247 84 63<\/p>\n<h4>E-Mail:<\/h4>\n<p>info@airtime-paragliding.com<\/p>\n<h4>Unterschriftsberechtigte<\/h4>\n<p>Bernhard Brunner<br \/>Kathryn Louisa Saunders<\/p>\n<h4>Haftungsbeschr\u00e4nkung f\u00fcr Inhalte<\/h4>\n<p>Die Inhalte des Internetauftritts wurden mit gr\u00f6\u00dftm\u00f6glicher Sorgfalt und nach bestem Gewissen erstellt. Dennoch \u00fcbernimmt der Anbieter dieser Webseite keine Gew\u00e4hr f\u00fcr die Aktualit\u00e4t, Vollst\u00e4ndigkeit und Richtigkeit der bereitgestellten Seiten und Inhalte.<\/p>\n<h4>Haftungsbeschr\u00e4nkung f\u00fcr externe Links<\/h4>\n<p>Die Webseite enth\u00e4lt sog. \u201eexterne Links\u201c (Verlinkungen) zu anderen Webseiten. Da der Inhalt dieser Websites nicht unserer Kontrolle unterliegt, k\u00f6nnen wir f\u00fcr diese fremden Inhalte keine Gew\u00e4hr \u00fcbernehmen. F\u00fcr den Inhalt und die Richtigkeit der Informationen haftet in jedem Fall der Anbieter der verlinkten Webseiten. Zum Zeitpunkt der Linksetzung waren f\u00fcr uns keine Rechtsverst\u00f6\u00dfe ersichtlich. Bei Bekanntwerden von Rechtsverletzungen werden wir derartige Links umgehend entfernen.<\/p>\n<h4>Urheberrecht<\/h4>\n<p>Die auf dieser Webseite ver\u00f6ffentlichten Inhalte, Werke und bereitgestellten Informationen unterliegen dem Urheberrecht und Leistungsschutzrecht. Jede Art der Vervielf\u00e4ltigung, Bearbeitung, Verbreitung, Einspeicherung und jede Art der Verwertung au\u00dferhalb der Grenzen des Urheberrechts bedarf der vorherigen schriftlichen Zustimmung des jeweiligen Rechteinhabers. Das unerlaubte Kopieren\/Speichern der bereitgestellten Informationen auf diesen Webseiten ist nicht gestattet und strafbar.<\/p>\n\t\t\t\t\t\t\t\t<\/div>\n\t\t\t\t<\/div>\n\t\t\t\t\t<\/div>\n\t\t\t\t<\/div>\n\t\t\t\t<\/div>\n\t\t","protected":false},"excerpt":{"rendered":"<p>Adresse Airtime Paragliding GmbHFuhren3822 LauterbrunnenSchweiz Telefon +41 (0)79 247 84 63 E-Mail: info@airtime-paragliding.com Unterschriftsberechtigte Bernhard BrunnerKathryn Louisa Saunders Haftungsbeschr\u00e4nkung f\u00fcr Inhalte Die Inhalte des Internetauftritts wurden mit gr\u00f6\u00dftm\u00f6glicher Sorgfalt und nach bestem Gewissen erstellt. Dennoch \u00fcbernimmt der Anbieter dieser Webseite keine Gew\u00e4hr f\u00fcr die Aktualit\u00e4t, Vollst\u00e4ndigkeit und Richtigkeit der bereitgestellten Seiten und Inhalte. Haftungsbeschr\u00e4nkung f\u00fcr [&hellip;]<\/p>\n","protected":false},"author":1,"featured_media":0,"parent":0,"menu_order":4,"comment_status":"closed","ping_status":"closed","template":"","meta":{"footnotes":""},"class_list":["post-1084","page","type-page","status-publish","hentry"],"yoast_head":"<!-- This site is optimized with the Yoast SEO plugin v26.8 - https:\/\/yoast.com\/product\/yoast-seo-wordpress\/ -->\n<title>Impressum - Airtime Paragliding<\/title>\n<meta name=\"robots\" content=\"index, follow, max-snippet:-1, max-image-preview:large, max-video-preview:-1\" \/>\n<link rel=\"canonical\" href=\"https:\/\/airtime-paragliding.com\/de\/impressum\/\" \/>\n<meta property=\"og:locale\" content=\"de_DE\" \/>\n<meta property=\"og:type\" content=\"article\" \/>\n<meta property=\"og:title\" content=\"Impressum - Airtime Paragliding\" \/>\n<meta property=\"og:description\" content=\"Adresse Airtime Paragliding GmbHFuhren3822 LauterbrunnenSchweiz Telefon +41 (0)79 247 84 63 E-Mail: info@airtime-paragliding.com Unterschriftsberechtigte Bernhard BrunnerKathryn Louisa Saunders Haftungsbeschr\u00e4nkung f\u00fcr Inhalte Die Inhalte des Internetauftritts wurden mit gr\u00f6\u00dftm\u00f6glicher Sorgfalt und nach bestem Gewissen erstellt. Dennoch \u00fcbernimmt der Anbieter dieser Webseite keine Gew\u00e4hr f\u00fcr die Aktualit\u00e4t, Vollst\u00e4ndigkeit und Richtigkeit der bereitgestellten Seiten und Inhalte. Haftungsbeschr\u00e4nkung f\u00fcr [&hellip;]\" \/>\n<meta property=\"og:url\" content=\"https:\/\/airtime-paragliding.com\/de\/impressum\/\" \/>\n<meta property=\"og:site_name\" content=\"Airtime Paragliding\" \/>\n<meta property=\"article:publisher\" content=\"https:\/\/facebook.com\/paraglidingairtime\/\" \/>\n<meta property=\"article:modified_time\" content=\"2024-02-22T17:06:54+00:00\" \/>\n<meta name=\"twitter:card\" content=\"summary_large_image\" \/>\n<meta name=\"twitter:label1\" content=\"Gesch\u00e4tzte Lesezeit\" \/>\n\t<meta name=\"twitter:data1\" content=\"1\u00a0Minute\" \/>\n<script type=\"application\/ld+json\" class=\"yoast-schema-graph\">{\"@context\":\"https:\/\/schema.org\",\"@graph\":[{\"@type\":\"WebPage\",\"@id\":\"https:\/\/airtime-paragliding.com\/de\/impressum\/\",\"url\":\"https:\/\/airtime-paragliding.com\/de\/impressum\/\",\"name\":\"Impressum - Airtime Paragliding\",\"isPartOf\":{\"@id\":\"https:\/\/airtime-paragliding.com\/de\/#website\"},\"datePublished\":\"2023-11-07T14:07:54+00:00\",\"dateModified\":\"2024-02-22T17:06:54+00:00\",\"breadcrumb\":{\"@id\":\"https:\/\/airtime-paragliding.com\/de\/impressum\/#breadcrumb\"},\"inLanguage\":\"de\",\"potentialAction\":[{\"@type\":\"ReadAction\",\"target\":[\"https:\/\/airtime-paragliding.com\/de\/impressum\/\"]}]},{\"@type\":\"BreadcrumbList\",\"@id\":\"https:\/\/airtime-paragliding.com\/de\/impressum\/#breadcrumb\",\"itemListElement\":[{\"@type\":\"ListItem\",\"position\":1,\"name\":\"Home\",\"item\":\"https:\/\/airtime-paragliding.com\/de\/\"},{\"@type\":\"ListItem\",\"position\":2,\"name\":\"Impressum\"}]},{\"@type\":\"WebSite\",\"@id\":\"https:\/\/airtime-paragliding.com\/de\/#website\",\"url\":\"https:\/\/airtime-paragliding.com\/de\/\",\"name\":\"Airtime Paragliding\",\"description\":\"\",\"publisher\":{\"@id\":\"https:\/\/airtime-paragliding.com\/de\/#organization\"},\"potentialAction\":[{\"@type\":\"SearchAction\",\"target\":{\"@type\":\"EntryPoint\",\"urlTemplate\":\"https:\/\/airtime-paragliding.com\/de\/?s={search_term_string}\"},\"query-input\":{\"@type\":\"PropertyValueSpecification\",\"valueRequired\":true,\"valueName\":\"search_term_string\"}}],\"inLanguage\":\"de\"},{\"@type\":\"Organization\",\"@id\":\"https:\/\/airtime-paragliding.com\/de\/#organization\",\"name\":\"Airtime Paragliding\",\"url\":\"https:\/\/airtime-paragliding.com\/de\/\",\"logo\":{\"@type\":\"ImageObject\",\"inLanguage\":\"de\",\"@id\":\"https:\/\/airtime-paragliding.com\/de\/#\/schema\/logo\/image\/\",\"url\":\"https:\/\/airtime-paragliding.com\/wp-content\/uploads\/airtime-paragliding-logo.svg\",\"contentUrl\":\"https:\/\/airtime-paragliding.com\/wp-content\/uploads\/airtime-paragliding-logo.svg\",\"width\":2171,\"height\":1267,\"caption\":\"Airtime Paragliding\"},\"image\":{\"@id\":\"https:\/\/airtime-paragliding.com\/de\/#\/schema\/logo\/image\/\"},\"sameAs\":[\"https:\/\/facebook.com\/paraglidingairtime\/\",\"https:\/\/www.instagram.com\/airtimeparagliding\"]}]}<\/script>\n<!-- \/ Yoast SEO plugin. -->","yoast_head_json":{"title":"Impressum - Airtime Paragliding","robots":{"index":"index","follow":"follow","max-snippet":"max-snippet:-1","max-image-preview":"max-image-preview:large","max-video-preview":"max-video-preview:-1"},"canonical":"https:\/\/airtime-paragliding.com\/de\/impressum\/","og_locale":"de_DE","og_type":"article","og_title":"Impressum - Airtime Paragliding","og_description":"Adresse Airtime Paragliding GmbHFuhren3822 LauterbrunnenSchweiz Telefon +41 (0)79 247 84 63 E-Mail: info@airtime-paragliding.com Unterschriftsberechtigte Bernhard BrunnerKathryn Louisa Saunders Haftungsbeschr\u00e4nkung f\u00fcr Inhalte Die Inhalte des Internetauftritts wurden mit gr\u00f6\u00dftm\u00f6glicher Sorgfalt und nach bestem Gewissen erstellt. Dennoch \u00fcbernimmt der Anbieter dieser Webseite keine Gew\u00e4hr f\u00fcr die Aktualit\u00e4t, Vollst\u00e4ndigkeit und Richtigkeit der bereitgestellten Seiten und Inhalte. Haftungsbeschr\u00e4nkung f\u00fcr [&hellip;]","og_url":"https:\/\/airtime-paragliding.com\/de\/impressum\/","og_site_name":"Airtime Paragliding","article_publisher":"https:\/\/facebook.com\/paraglidingairtime\/","article_modified_time":"2024-02-22T17:06:54+00:00","twitter_card":"summary_large_image","twitter_misc":{"Gesch\u00e4tzte Lesezeit":"1\u00a0Minute"},"schema":{"@context":"https:\/\/schema.org","@graph":[{"@type":"WebPage","@id":"https:\/\/airtime-paragliding.com\/de\/impressum\/","url":"https:\/\/airtime-paragliding.com\/de\/impressum\/","name":"Impressum - Airtime Paragliding","isPartOf":{"@id":"https:\/\/airtime-paragliding.com\/de\/#website"},"datePublished":"2023-11-07T14:07:54+00:00","dateModified":"2024-02-22T17:06:54+00:00","breadcrumb":{"@id":"https:\/\/airtime-paragliding.com\/de\/impressum\/#breadcrumb"},"inLanguage":"de","potentialAction":[{"@type":"ReadAction","target":["https:\/\/airtime-paragliding.com\/de\/impressum\/"]}]},{"@type":"BreadcrumbList","@id":"https:\/\/airtime-paragliding.com\/de\/impressum\/#breadcrumb","itemListElement":[{"@type":"ListItem","position":1,"name":"Home","item":"https:\/\/airtime-paragliding.com\/de\/"},{"@type":"ListItem","position":2,"name":"Impressum"}]},{"@type":"WebSite","@id":"https:\/\/airtime-paragliding.com\/de\/#website","url":"https:\/\/airtime-paragliding.com\/de\/","name":"Airtime Paragliding","description":"","publisher":{"@id":"https:\/\/airtime-paragliding.com\/de\/#organization"},"potentialAction":[{"@type":"SearchAction","target":{"@type":"EntryPoint","urlTemplate":"https:\/\/airtime-paragliding.com\/de\/?s={search_term_string}"},"query-input":{"@type":"PropertyValueSpecification","valueRequired":true,"valueName":"search_term_string"}}],"inLanguage":"de"},{"@type":"Organization","@id":"https:\/\/airtime-paragliding.com\/de\/#organization","name":"Airtime Paragliding","url":"https:\/\/airtime-paragliding.com\/de\/","logo":{"@type":"ImageObject","inLanguage":"de","@id":"https:\/\/airtime-paragliding.com\/de\/#\/schema\/logo\/image\/","url":"https:\/\/airtime-paragliding.com\/wp-content\/uploads\/airtime-paragliding-logo.svg","contentUrl":"https:\/\/airtime-paragliding.com\/wp-content\/uploads\/airtime-paragliding-logo.svg","width":2171,"height":1267,"caption":"Airtime Paragliding"},"image":{"@id":"https:\/\/airtime-paragliding.com\/de\/#\/schema\/logo\/image\/"},"sameAs":["https:\/\/facebook.com\/paraglidingairtime\/","https:\/\/www.instagram.com\/airtimeparagliding"]}]}},"_links":{"self":[{"href":"https:\/\/airtime-paragliding.com\/de\/wp-json\/wp\/v2\/pages\/1084","targetHints":{"allow":["GET"]}}],"collection":[{"href":"https:\/\/airtime-paragliding.com\/de\/wp-json\/wp\/v2\/pages"}],"about":[{"href":"https:\/\/airtime-paragliding.com\/de\/wp-json\/wp\/v2\/types\/page"}],"author":[{"embeddable":true,"href":"https:\/\/airtime-paragliding.com\/de\/wp-json\/wp\/v2\/users\/1"}],"replies":[{"embeddable":true,"href":"https:\/\/airtime-paragliding.com\/de\/wp-json\/wp\/v2\/comments?post=1084"}],"version-history":[{"count":3,"href":"https:\/\/airtime-paragliding.com\/de\/wp-json\/wp\/v2\/pages\/1084\/revisions"}],"predecessor-version":[{"id":1412,"href":"https:\/\/airtime-paragliding.com\/de\/wp-json\/wp\/v2\/pages\/1084\/revisions\/1412"}],"wp:attachment":[{"href":"https:\/\/airtime-paragliding.com\/de\/wp-json\/wp\/v2\/media?parent=1084"}],"curies":[{"name":"wp","href":"https:\/\/api.w.org\/{rel}","templated":true}]}}