{"id":1113,"date":"2023-11-07T15:48:23","date_gmt":"2023-11-07T14:48:23","guid":{"rendered":"https:\/\/airtime-paragliding.com\/bedingungen-konditionen\/"},"modified":"2024-02-22T17:47:36","modified_gmt":"2024-02-22T16:47:36","slug":"bedingungen-konditionen","status":"publish","type":"page","link":"https:\/\/airtime-paragliding.com\/de\/bedingungen-konditionen\/","title":{"rendered":"Bedingungen &amp; Konditionen"},"content":{"rendered":"\t\t<div data-elementor-type=\"wp-page\" data-elementor-id=\"1113\" class=\"elementor elementor-1113 elementor-104\" data-elementor-post-type=\"page\">\n\t\t\t\t<div class=\"elementor-element elementor-element-aa0f87d e-flex e-con-boxed e-con e-parent\" data-id=\"aa0f87d\" data-element_type=\"container\">\n\t\t\t\t\t<div class=\"e-con-inner\">\n\t\t\t\t<div class=\"elementor-element elementor-element-56c1e9e elementor-widget elementor-widget-text-editor\" data-id=\"56c1e9e\" data-element_type=\"widget\" data-widget_type=\"text-editor.default\">\n\t\t\t\t<div class=\"elementor-widget-container\">\n\t\t\t\t\t\t\t\t\t<h4>Allgemein<\/h4>\n<p>Die Airtime Paragliding GmbH \u00fcbertr\u00e4gt die Durchf\u00fchrung aller Aktivit\u00e4ten auf andere Dienstleister\/Veranstalter, die im Folgenden als Veranstalter bezeichnet werden. Die Airtime Paragliding GmbH ist lediglich f\u00fcr die Vermittlung der Aktivit\u00e4ten sowie teilweise f\u00fcr die Bereitstellung der erforderlichen Infrastruktur und teilweise f\u00fcr die Abwicklung der Logistik und das Inkasso f\u00fcr Dritte zust\u00e4ndig.<\/p>\n<h4>1. Vertragsabschluss<\/h4>\n<p>Mit der m\u00fcndlichen oder schriftlichen Anmeldung (d.h. der Buchung durch den Kunden) bei Airtime Paragliding GmbH oder einem ihrer Betriebe kommt ein verbindlicher Vertrag zwischen dem Kunden und dem Veranstalter zustande. Mit der Buchung erkennt der Kunde die Allgemeinen Gesch\u00e4ftsbedingungen als Teil des Vertrags zwischen ihm und dem Veranstalter an.<\/p>\n<h4>2. Gegenstand der Vereinbarung<\/h4>\n<p>Der Veranstalter \u00fcbernimmt die Verantwortung f\u00fcr die Erbringung der angeforderten Leistung, wie sie in den Anzeigen und\/oder in der Auftragsbest\u00e4tigung beschrieben ist. Leistungserweiterungen k\u00f6nnen nach R\u00fccksprache mit dem Veranstalter in Betracht gezogen werden. Alle zus\u00e4tzlichen Kosten gehen zu Lasten des Kunden.<\/p>\n<h4>3. Preise<\/h4>\n<p>Die effektiven Preise k\u00f6nnen den aktuellen Anzeigen der Airtime Paragliding GmbH entnommen werden. Die Preise in der Brosch\u00fcre sind pro Person in Schweizer Franken angegeben und enthalten die gesetzliche Mehrwertsteuer. Die Preise k\u00f6nnen sich \u00e4ndern.<\/p>\n<h4>4. Stornierung oder Vertrags\u00e4nderung durch den Kunden<\/h4>\n<p>K\u00fcndigungen von Vertr\u00e4gen m\u00fcssen schriftlich erfolgen. Stornierungen sind nur nach R\u00fccksprache mit dem Veranstalter und mit dessen Einverst\u00e4ndnis g\u00fcltig. Alle erhaltenen Unterlagen (Best\u00e4tigungen, Tickets, Gutscheine usw.) m\u00fcssen zu diesem Zeitpunkt beigef\u00fcgt und zur\u00fcckgeschickt werden.Im Falle einer Stornierung werden dem Vertragspartner24 Stunden oder weniger vor der Aktivit\u00e4t oder bei Nichterscheinen die folgenden Prozents\u00e4tze der Arrangementkosten in Rechnung gestellt: 100%Im Falle von Drittanbietern gelten die Stornierungsbedingungen des jeweiligen Anbieters. Der Kunde hat keinen Anspruch auf eine R\u00fcckerstattung im Falle eines sp\u00e4teren Beginns oder einer vorzeitigen Abreise von der Aktivit\u00e4t. Zus\u00e4tzliche Kosten, die durch einen sp\u00e4teren Start, eine fr\u00fchere Abreise oder die Verschiebung einer Aktivit\u00e4t entstehen, sind vom Kunden zu tragen.<\/p>\n<h4>5. Stornierung oder \u00c4nderung des Vertrags durch den Organisator<\/h4>\n<p>Der Veranstalter beh\u00e4lt sich das Recht vor, auch kurzfristig vom Vertrag zur\u00fcckzutreten. Ist die Erf\u00fcllung eines Vertrags zu einem anderen Zeitpunkt nicht m\u00f6glich oder kann der Kunde nicht an den alternativ angebotenen Leistungen teilnehmen, werden gezahlte Geb\u00fchren abz\u00fcglich der Kosten f\u00fcr erbrachte Leistungen zur\u00fcckerstattet. Weitere Schadensersatzanspr\u00fcche sind nicht m\u00f6glich. Der Veranstalter beh\u00e4lt sich das Recht vor, das Programm kurzfristig abzusagen, wenn Teilnehmer\/innen durch ihr Verhalten, ihre Unterlassungen oder sonstige Handlungen die Erf\u00fcllung eines Vertrages gef\u00e4hrden oder unm\u00f6glich machen. In diesem Fall gilt die Regelung der Stornokosten gem\u00e4\u00df Ziffer 5. Wenn ein Programm oder Teile eines Programms aufgrund h\u00f6herer Gewalt, Sicherheitsbedenken des Veranstalters, beh\u00f6rdlicher Vorschriften, Streiks oder unsicherer Wetter- und Naturbedingungen nicht durchgef\u00fchrt werden k\u00f6nnen, beh\u00e4lt sich der Veranstalter das Recht vor, die Aktivit\u00e4ten kurzfristig abzusagen oder zu k\u00fcrzen. Bezahlte Geb\u00fchren werden abz\u00fcglich der Kosten f\u00fcr erbrachte Leistungen, eventueller Ausgaben und der Bearbeitungsgeb\u00fchr zur\u00fcckerstattet. Bitte beachte, dass eine gefahrlose Beendigung der Aktivit\u00e4t im Interesse aller ist. Alle Entscheidungen, die von den Aktivit\u00e4tsleitern getroffen werden, sind endg\u00fcltig. Der Organisator beh\u00e4lt sich ausdr\u00fccklich das Recht vor, das Programm zu \u00e4ndern. Der Veranstalter wird sich um einen gleichwertigen Ersatz bem\u00fchen.<\/p>\n<h4>6. Teilnahmebedingungen, Verpflichtungen des Teilnehmers<\/h4>\n<p>Eine gute Gesundheit ist notwendig, um an allen Aktivit\u00e4ten teilnehmen zu k\u00f6nnen. Die Teilnehmer\/innen sind verpflichtet, den Veranstalter \u00fcber m\u00f6gliche gesundheitliche Probleme zu informieren. Unter keinen Umst\u00e4nden d\u00fcrfen die Teilnehmer\/innen an den Aktivit\u00e4ten teilnehmen, wenn sie unter dem Einfluss von Alkohol, Drogen, Psychopharmaka oder \u00e4hnlichen Substanzen stehen. Die Teilnehmer sind verpflichtet, die Teilnahmebedingungen zu erf\u00fcllen und den Anweisungen des Veranstalters strikt Folge zu leisten. Bei Nichterf\u00fcllung der Teilnahmebedingungen oder bei Missachtung der Anweisungen beh\u00e4lt sich der Veranstalter das Recht vor, die Teilnahme zu untersagen.Der Teilnehmer erlaubt die Verwendung des vom Veranstalter aufgenommenen Bild- und Videomaterials zu Werbezwecken.<\/p>\n<h4>7. Versicherung<\/h4>\n<p>Die Teilnehmer eines Gleitschirmfluges sind durch den Veranstalter mit unbegrenzter Haftung bei Bergungskosten in der Schweiz versichert. F\u00fcr alle anderen Aktivit\u00e4ten versichert der Veranstalter die Teilnehmer nicht.<\/p>\n<h4>8. Einspr\u00fcche<\/h4>\n<p>Sollte es w\u00e4hrend der Aktivit\u00e4t zu Beanstandungen oder Sch\u00e4den kommen, sind diese unverz\u00fcglich dem Veranstalter (d.h. dem Aktivit\u00e4tsanbieter) schriftlich mitzuteilen und vom verantwortlichen Leiter schriftlich zu best\u00e4tigen. Der Veranstalter\/Aktivit\u00e4tsleiter hat jedoch nicht das Recht, Anspr\u00fcche anzuerkennen, weshalb eine Best\u00e4tigung nicht die Wirkung eines Anerkenntnisses von Fehlverhalten hat. Der\/die Organisator\/in\/Aktivit\u00e4tsleiter\/in unternimmt im Rahmen des Programms und der verf\u00fcgbaren M\u00f6glichkeiten alle Anstrengungen, um die Situation zu bereinigen. Sollte die Situation nicht oder nur unzureichend behoben werden oder der Teilnehmer Schadensersatzanspr\u00fcche geltend machen wollen, m\u00fcssen diese innerhalb von vier Wochen nach dem vertraglichen Ende der Aktivit\u00e4t bei der Airtime Paragliding GmbH beim Veranstalter eingehen. Dem Einspruch des Teilnehmers\/der Teilnehmerin sind die Best\u00e4tigung des Veranstalters\/der Leiterin der Aktivit\u00e4t sowie alle anderen relevanten Nachweise beizuf\u00fcgen. Bei versp\u00e4teten Reklamationen oder Reklamationen mit Vers\u00e4umnissen w\u00e4hrend der Aktivit\u00e4t oder versp\u00e4teten Einreichungen der Anspr\u00fcche bei Airtime Paragliding GmbH, werden alle Reklamationen als ung\u00fcltig betrachtet.<\/p>\n<h4>9. Haftung<\/h4>\n<p>Schadensersatzanspr\u00fcche gegen die Airtime Paragliding GmbH, den Veranstalter oder die Helfer sind ausgeschlossen, soweit der Schaden nicht fahrl\u00e4ssig oder vors\u00e4tzlich verursacht wurde. Der Veranstalter ist berechtigt, Assistenten zu besch\u00e4ftigen oder Dritte mit der Erbringung von Dienstleistungen zu beauftragen. \u00dcbertr\u00e4gt der Veranstalter die Durchf\u00fchrung der Aktivit\u00e4t rechtm\u00e4\u00dfig an einen Dritten, kann der Veranstalter nicht f\u00fcr dessen Handlungen oder Unterlassungen w\u00e4hrend der Durchf\u00fchrung der Aktivit\u00e4t verantwortlich gemacht werden. Der Veranstalter haftet insbesondere nicht f\u00fcr Sch\u00e4den, die durch Handlungen oder Unterlassungen des Aktivit\u00e4tsleiters verursacht werden, sofern dieses Verhalten nicht in seine vertragliche Verantwortung f\u00e4llt; als Ursache f\u00fcr Handlungen Dritter, anderer Teilnehmer, des Teilnehmers, h\u00f6here Gewalt, Naturereignisse, beh\u00f6rdliche Vorschriften usw. oder Sch\u00e4den, die durch versp\u00e4tete R\u00fcckkehr zum Ausgangspunkt der Aktivit\u00e4t entstehen. Sollte der Teilnehmer die Anweisungen des Veranstalters, Aktivit\u00e4tsleiters usw. nicht befolgen, entf\u00e4llt jegliche Haftung des Veranstalters.<\/p>\n<h4>10. Anwendbares Recht und Zust\u00e4ndigkeitsbereich<\/h4>\n<p>Auf das Vertragsverh\u00e4ltnis ist ausschlie\u00dflich Schweizer Recht unter Ausschluss internationaler Vereinbarungen anwendbar. Die Parteien vereinbaren, dass der ausschlie\u00dfliche Gerichtsstand Interlaken ist. Der Veranstalter ist jedoch berechtigt, am Wohnsitz des Kunden Klage zu erheben. Sollten eine oder mehrere Klauseln dieser Allgemeinen Gesch\u00e4ftsbedingungen unwirksam und\/oder unvollst\u00e4ndig sein, so tritt an die Stelle der unwirksamen und\/oder unvollst\u00e4ndigen Klausel diejenige, die der gesetzlichen Regelung am n\u00e4chsten kommt. Die Unwirksamkeit und\/oder Unvollst\u00e4ndigkeit einer Klausel l\u00e4sst die Wirksamkeit der anderen Klauseln unber\u00fchrt.<\/p>\t\t\t\t\t\t\t\t<\/div>\n\t\t\t\t<\/div>\n\t\t\t\t\t<\/div>\n\t\t\t\t<\/div>\n\t\t\t\t<\/div>\n\t\t","protected":false},"excerpt":{"rendered":"<p>Allgemein Die Airtime Paragliding GmbH \u00fcbertr\u00e4gt die Durchf\u00fchrung aller Aktivit\u00e4ten auf andere Dienstleister\/Veranstalter, die im Folgenden als Veranstalter bezeichnet werden. Die Airtime Paragliding GmbH ist lediglich f\u00fcr die Vermittlung der Aktivit\u00e4ten sowie teilweise f\u00fcr die Bereitstellung der erforderlichen Infrastruktur und teilweise f\u00fcr die Abwicklung der Logistik und das Inkasso f\u00fcr Dritte zust\u00e4ndig. 1. Vertragsabschluss Mit [&hellip;]<\/p>\n","protected":false},"author":1,"featured_media":0,"parent":0,"menu_order":6,"comment_status":"closed","ping_status":"closed","template":"","meta":{"footnotes":""},"class_list":["post-1113","page","type-page","status-publish","hentry"],"yoast_head":"<!-- This site is optimized with the Yoast SEO plugin v26.8 - https:\/\/yoast.com\/product\/yoast-seo-wordpress\/ -->\n<title>Bedingungen &amp; Konditionen - Airtime Paragliding<\/title>\n<meta name=\"robots\" content=\"index, follow, max-snippet:-1, max-image-preview:large, max-video-preview:-1\" \/>\n<link rel=\"canonical\" href=\"https:\/\/airtime-paragliding.com\/de\/bedingungen-konditionen\/\" \/>\n<meta property=\"og:locale\" content=\"de_DE\" \/>\n<meta property=\"og:type\" content=\"article\" \/>\n<meta property=\"og:title\" content=\"Bedingungen &amp; Konditionen - Airtime Paragliding\" \/>\n<meta property=\"og:description\" content=\"Allgemein Die Airtime Paragliding GmbH \u00fcbertr\u00e4gt die Durchf\u00fchrung aller Aktivit\u00e4ten auf andere Dienstleister\/Veranstalter, die im Folgenden als Veranstalter bezeichnet werden. Die Airtime Paragliding GmbH ist lediglich f\u00fcr die Vermittlung der Aktivit\u00e4ten sowie teilweise f\u00fcr die Bereitstellung der erforderlichen Infrastruktur und teilweise f\u00fcr die Abwicklung der Logistik und das Inkasso f\u00fcr Dritte zust\u00e4ndig. 1. Vertragsabschluss Mit [&hellip;]\" \/>\n<meta property=\"og:url\" content=\"https:\/\/airtime-paragliding.com\/de\/bedingungen-konditionen\/\" \/>\n<meta property=\"og:site_name\" content=\"Airtime Paragliding\" \/>\n<meta property=\"article:publisher\" content=\"https:\/\/facebook.com\/paraglidingairtime\/\" \/>\n<meta property=\"article:modified_time\" content=\"2024-02-22T16:47:36+00:00\" \/>\n<meta name=\"twitter:card\" content=\"summary_large_image\" \/>\n<meta name=\"twitter:label1\" content=\"Gesch\u00e4tzte Lesezeit\" \/>\n\t<meta name=\"twitter:data1\" content=\"6\u00a0Minuten\" \/>\n<script type=\"application\/ld+json\" class=\"yoast-schema-graph\">{\"@context\":\"https:\/\/schema.org\",\"@graph\":[{\"@type\":\"WebPage\",\"@id\":\"https:\/\/airtime-paragliding.com\/de\/bedingungen-konditionen\/\",\"url\":\"https:\/\/airtime-paragliding.com\/de\/bedingungen-konditionen\/\",\"name\":\"Bedingungen &amp; Konditionen - Airtime Paragliding\",\"isPartOf\":{\"@id\":\"https:\/\/airtime-paragliding.com\/de\/#website\"},\"datePublished\":\"2023-11-07T14:48:23+00:00\",\"dateModified\":\"2024-02-22T16:47:36+00:00\",\"breadcrumb\":{\"@id\":\"https:\/\/airtime-paragliding.com\/de\/bedingungen-konditionen\/#breadcrumb\"},\"inLanguage\":\"de\",\"potentialAction\":[{\"@type\":\"ReadAction\",\"target\":[\"https:\/\/airtime-paragliding.com\/de\/bedingungen-konditionen\/\"]}]},{\"@type\":\"BreadcrumbList\",\"@id\":\"https:\/\/airtime-paragliding.com\/de\/bedingungen-konditionen\/#breadcrumb\",\"itemListElement\":[{\"@type\":\"ListItem\",\"position\":1,\"name\":\"Home\",\"item\":\"https:\/\/airtime-paragliding.com\/de\/\"},{\"@type\":\"ListItem\",\"position\":2,\"name\":\"Bedingungen &amp; Konditionen\"}]},{\"@type\":\"WebSite\",\"@id\":\"https:\/\/airtime-paragliding.com\/de\/#website\",\"url\":\"https:\/\/airtime-paragliding.com\/de\/\",\"name\":\"Airtime Paragliding\",\"description\":\"\",\"publisher\":{\"@id\":\"https:\/\/airtime-paragliding.com\/de\/#organization\"},\"potentialAction\":[{\"@type\":\"SearchAction\",\"target\":{\"@type\":\"EntryPoint\",\"urlTemplate\":\"https:\/\/airtime-paragliding.com\/de\/?s={search_term_string}\"},\"query-input\":{\"@type\":\"PropertyValueSpecification\",\"valueRequired\":true,\"valueName\":\"search_term_string\"}}],\"inLanguage\":\"de\"},{\"@type\":\"Organization\",\"@id\":\"https:\/\/airtime-paragliding.com\/de\/#organization\",\"name\":\"Airtime Paragliding\",\"url\":\"https:\/\/airtime-paragliding.com\/de\/\",\"logo\":{\"@type\":\"ImageObject\",\"inLanguage\":\"de\",\"@id\":\"https:\/\/airtime-paragliding.com\/de\/#\/schema\/logo\/image\/\",\"url\":\"https:\/\/airtime-paragliding.com\/wp-content\/uploads\/airtime-paragliding-logo.svg\",\"contentUrl\":\"https:\/\/airtime-paragliding.com\/wp-content\/uploads\/airtime-paragliding-logo.svg\",\"width\":2171,\"height\":1267,\"caption\":\"Airtime Paragliding\"},\"image\":{\"@id\":\"https:\/\/airtime-paragliding.com\/de\/#\/schema\/logo\/image\/\"},\"sameAs\":[\"https:\/\/facebook.com\/paraglidingairtime\/\",\"https:\/\/www.instagram.com\/airtimeparagliding\"]}]}<\/script>\n<!-- \/ Yoast SEO plugin. -->","yoast_head_json":{"title":"Bedingungen &amp; Konditionen - Airtime Paragliding","robots":{"index":"index","follow":"follow","max-snippet":"max-snippet:-1","max-image-preview":"max-image-preview:large","max-video-preview":"max-video-preview:-1"},"canonical":"https:\/\/airtime-paragliding.com\/de\/bedingungen-konditionen\/","og_locale":"de_DE","og_type":"article","og_title":"Bedingungen &amp; Konditionen - Airtime Paragliding","og_description":"Allgemein Die Airtime Paragliding GmbH \u00fcbertr\u00e4gt die Durchf\u00fchrung aller Aktivit\u00e4ten auf andere Dienstleister\/Veranstalter, die im Folgenden als Veranstalter bezeichnet werden. Die Airtime Paragliding GmbH ist lediglich f\u00fcr die Vermittlung der Aktivit\u00e4ten sowie teilweise f\u00fcr die Bereitstellung der erforderlichen Infrastruktur und teilweise f\u00fcr die Abwicklung der Logistik und das Inkasso f\u00fcr Dritte zust\u00e4ndig. 1. Vertragsabschluss Mit [&hellip;]","og_url":"https:\/\/airtime-paragliding.com\/de\/bedingungen-konditionen\/","og_site_name":"Airtime Paragliding","article_publisher":"https:\/\/facebook.com\/paraglidingairtime\/","article_modified_time":"2024-02-22T16:47:36+00:00","twitter_card":"summary_large_image","twitter_misc":{"Gesch\u00e4tzte Lesezeit":"6\u00a0Minuten"},"schema":{"@context":"https:\/\/schema.org","@graph":[{"@type":"WebPage","@id":"https:\/\/airtime-paragliding.com\/de\/bedingungen-konditionen\/","url":"https:\/\/airtime-paragliding.com\/de\/bedingungen-konditionen\/","name":"Bedingungen &amp; Konditionen - Airtime Paragliding","isPartOf":{"@id":"https:\/\/airtime-paragliding.com\/de\/#website"},"datePublished":"2023-11-07T14:48:23+00:00","dateModified":"2024-02-22T16:47:36+00:00","breadcrumb":{"@id":"https:\/\/airtime-paragliding.com\/de\/bedingungen-konditionen\/#breadcrumb"},"inLanguage":"de","potentialAction":[{"@type":"ReadAction","target":["https:\/\/airtime-paragliding.com\/de\/bedingungen-konditionen\/"]}]},{"@type":"BreadcrumbList","@id":"https:\/\/airtime-paragliding.com\/de\/bedingungen-konditionen\/#breadcrumb","itemListElement":[{"@type":"ListItem","position":1,"name":"Home","item":"https:\/\/airtime-paragliding.com\/de\/"},{"@type":"ListItem","position":2,"name":"Bedingungen &amp; Konditionen"}]},{"@type":"WebSite","@id":"https:\/\/airtime-paragliding.com\/de\/#website","url":"https:\/\/airtime-paragliding.com\/de\/","name":"Airtime Paragliding","description":"","publisher":{"@id":"https:\/\/airtime-paragliding.com\/de\/#organization"},"potentialAction":[{"@type":"SearchAction","target":{"@type":"EntryPoint","urlTemplate":"https:\/\/airtime-paragliding.com\/de\/?s={search_term_string}"},"query-input":{"@type":"PropertyValueSpecification","valueRequired":true,"valueName":"search_term_string"}}],"inLanguage":"de"},{"@type":"Organization","@id":"https:\/\/airtime-paragliding.com\/de\/#organization","name":"Airtime Paragliding","url":"https:\/\/airtime-paragliding.com\/de\/","logo":{"@type":"ImageObject","inLanguage":"de","@id":"https:\/\/airtime-paragliding.com\/de\/#\/schema\/logo\/image\/","url":"https:\/\/airtime-paragliding.com\/wp-content\/uploads\/airtime-paragliding-logo.svg","contentUrl":"https:\/\/airtime-paragliding.com\/wp-content\/uploads\/airtime-paragliding-logo.svg","width":2171,"height":1267,"caption":"Airtime Paragliding"},"image":{"@id":"https:\/\/airtime-paragliding.com\/de\/#\/schema\/logo\/image\/"},"sameAs":["https:\/\/facebook.com\/paraglidingairtime\/","https:\/\/www.instagram.com\/airtimeparagliding"]}]}},"_links":{"self":[{"href":"https:\/\/airtime-paragliding.com\/de\/wp-json\/wp\/v2\/pages\/1113","targetHints":{"allow":["GET"]}}],"collection":[{"href":"https:\/\/airtime-paragliding.com\/de\/wp-json\/wp\/v2\/pages"}],"about":[{"href":"https:\/\/airtime-paragliding.com\/de\/wp-json\/wp\/v2\/types\/page"}],"author":[{"embeddable":true,"href":"https:\/\/airtime-paragliding.com\/de\/wp-json\/wp\/v2\/users\/1"}],"replies":[{"embeddable":true,"href":"https:\/\/airtime-paragliding.com\/de\/wp-json\/wp\/v2\/comments?post=1113"}],"version-history":[{"count":1,"href":"https:\/\/airtime-paragliding.com\/de\/wp-json\/wp\/v2\/pages\/1113\/revisions"}],"predecessor-version":[{"id":1117,"href":"https:\/\/airtime-paragliding.com\/de\/wp-json\/wp\/v2\/pages\/1113\/revisions\/1117"}],"wp:attachment":[{"href":"https:\/\/airtime-paragliding.com\/de\/wp-json\/wp\/v2\/media?parent=1113"}],"curies":[{"name":"wp","href":"https:\/\/api.w.org\/{rel}","templated":true}]}}